{"id":7992,"date":"2023-04-13T15:56:05","date_gmt":"2023-04-13T13:56:05","guid":{"rendered":"https:\/\/logisticamc.pruebasweb.com.es\/politica-de-privacidad\/"},"modified":"2023-05-03T17:44:53","modified_gmt":"2023-05-03T15:44:53","slug":"privacy-policy","status":"publish","type":"page","link":"https:\/\/logisticamc.com\/en\/privacy-policy\/","title":{"rendered":"Privacy policy"},"content":{"rendered":"<div class=\"fusion-fullwidth fullwidth-box fusion-builder-row-1 fusion-flex-container has-pattern-background has-mask-background nonhundred-percent-fullwidth non-hundred-percent-height-scrolling\" style=\"--awb-border-radius-top-left:0px;--awb-border-radius-top-right:0px;--awb-border-radius-bottom-right:0px;--awb-border-radius-bottom-left:0px;--awb-flex-wrap:wrap;\" ><div class=\"fusion-builder-row fusion-row fusion-flex-align-items-flex-start fusion-flex-content-wrap\" style=\"max-width:1331.2px;margin-left: calc(-4% \/ 2 );margin-right: calc(-4% \/ 2 );\"><div class=\"fusion-layout-column fusion_builder_column fusion-builder-column-0 fusion_builder_column_1_1 1_1 fusion-flex-column\" style=\"--awb-bg-size:cover;--awb-width-large:100%;--awb-margin-top-large:0px;--awb-spacing-right-large:1.92%;--awb-margin-bottom-large:20px;--awb-spacing-left-large:1.92%;--awb-width-medium:100%;--awb-order-medium:0;--awb-spacing-right-medium:1.92%;--awb-spacing-left-medium:1.92%;--awb-width-small:100%;--awb-order-small:0;--awb-spacing-right-small:1.92%;--awb-spacing-left-small:1.92%;\"><div class=\"fusion-column-wrapper fusion-column-has-shadow fusion-flex-justify-content-flex-start fusion-content-layout-column\"><div class=\"fusion-text fusion-text-1\" style=\"--awb-content-alignment:justify;\"><p><strong>LOG\u00cdSTICA MERCANCIAS CATALUNYA, S.L.U.<\/strong>, through this privacy policy informs the USERS of the website about its policy regarding the treatment and protection of the users and clients\u2019 personal data that may be collected by the navigation or services hiring through our website.<\/p>\n<p>In this sense, <strong>LOG\u00cdSTICA MERCANCIAS CATALUNYA, S.L.U. <\/strong>informs you that your data will be treated in accordance with the regulations in force regarding the privacy policy, according to what is established in the Regulation (UE) 2016\/679 of 27th of April of 2016 (RGPD).<\/p>\n<p>The use of this website implies the acceptance of this privacy policy.<\/p>\n<p><strong>Responsible for the Treatment<\/strong><\/p>\n<p><strong>LOG\u00cdSTICA MERCANCIAS CATALUNYA, S.L.U. <\/strong>is the owner of the website logisticamc.com<\/p>\n<p>Social address: <strong>Anoia, 8 \u2013 08192 Sant Quirze del Vall\u00e8s &#8211; Barcelona \u2013 SPAIN<\/strong><\/p>\n<p>Telephone: <strong>+34 938 488 252<\/strong><\/p>\n<p>E-mail: <a href=\"mailto:protecciondatos@logisticamc.com\">protecciondedatos@logisticamc.com<\/a><\/p>\n<p><strong>1. Data collection<\/strong><\/p>\n<p><strong>LOG\u00cdSTICA MERCANCIAS CATALUNYA, S.L.U.\u00a0<\/strong>reports that the data obtained via this website, the forms of it and the ones received by e-mail are those that are voluntarily provided by the user, which derive from relations and communications with the company and information that is legitimately removable from the data we deal with.<\/p>\n<p>In the same way, we also obtain data through third party information provided by the user or third parties prior to the consent of the same, existing a legitimate basis.<\/p>\n<p><strong>2. Purpose of obtaining and collection of data<\/strong><\/p>\n<p><strong>LOG\u00cdSTICA MERCANCIAS CATALUNYA, S.L.U.\u00a0<\/strong>will treat the data provided to it with the aim to offer you the products and\/or services you have hired, to manage your queries or requests and any other assumption that may be necessary to fulfill the commercial relations you keep with us.<\/p>\n<p>Also, the data will be treated to send you commercial communications, always with your prior consent, as well as to analyze browsing habits.<\/p>\n<p>In case of wanting to be part of <strong>LOG\u00cdSTICA MERCANCIAS CATALUNYA, S.L.U.<\/strong>\u2018s team, the data of the users and the documentation provided to us will be treated in order to evaluate the profile of the candidate and to consider it for possible vacancies in the company.<\/p>\n<p><strong>3. Data treatment<\/strong><\/p>\n<p>In accordance with the applicable regulations, <strong>LOG\u00cdSTICA MERCANCIAS CATALUNYA, S.L.U.\u00a0<\/strong>undertakes to treat the data to which we have access to by applying the appropriate technical, preventive and organisational measures. In this way we guarantee the highest level of security and the optimum levels of confidentiality, integrity and availability of the services and data management systems.<\/p>\n<p><strong>4. Communication of information to third parties<\/strong><\/p>\n<p><strong>LOG\u00cdSTICA MERCANCIAS CATALUNYA, S.L.U. <\/strong>informs users that their personal data will not be transferred to third organizations, except that such transfer of data is covered by a legal obligation or when the provision of a service implies the need for a contractual relationship with a treatment manager. In this last one case, only the transfer to a third party of the data will be carried out when <strong>LOG\u00cdSTICA MERCANCIAS CATALUNYA, S.L.U. <\/strong>has the express consent of the user.<\/p>\n<p>It is possible that some of our suppliers, for example Google, process data outside the borders of the European Union. In this cases, we require the supplier to be attached to a protocol for the adequacy of data protection approved by the European Union.<\/p>\n<p><strong>5. Time of data storage<\/strong><\/p>\n<p><strong>LOG\u00cdSTICA MERCANCIAS CATALUNYA, S.L.U. <\/strong>will keep all the user\u2019s data until the moment in which its deletion is expressly requested or, on the contrary, until the end of the business relation with our company. In this case, the data will be deleted when the expected legal terms are fulfilled.<\/p>\n<p><strong>6. Rights of the users<\/strong><\/p>\n<p>You will always be able to exercise the rights of access, rectification, abolition, limitation, opposition and portability in accordance with the provisions of the current legal regulations regarding privacy policy.<\/p>\n<p>To make use of this rights, you will have to address by written communication, providing documentation that confirms your identity (ID card or passport), to the following address:<\/p>\n<p><strong>LOG\u00cdSTICA MERCANCIAS CATALUNYA, S.L.U., Anoia, 8 \u2013 08192 Sant Quirze del Vall\u00e8s &#8211; Barcelona \u2013 SPAIN<\/strong><\/p>\n<p>or via e-mail: <a href=\"mailto:protecciondatos@logisticamc.com\">protecciondedatos@logisticamc.com<\/a><\/p>\n<p>This communication must indicate clearly and concisely your identifying and accrediting data, as well as your application regarding your data.<\/p>\n<p><strong>7. Responsibilities of the users<\/strong><\/p>\n<p>The user is responsible for all the data provided and sent to <strong>LOG\u00cdSTICA MERCANCIAS CATALUNYA, S.L.U. <\/strong>are truthful, accurate, updated, effective and authentic.<\/p>\n<p>It is also responsible for the consent given to the company for its treatment and use. In the same way, the user is responsible for the data of third parties facilitated to us, regarding to which it is obligated to have express consent.<\/p>\n<p><strong>8. Legislation and jurisdiction<\/strong><\/p>\n<p>The fact of entering to a website and in the applications of <strong>LOG\u00cdSTICA MERCANCIAS CATALUNYA, S.L.U. <\/strong>implies the acceptance of the conditions set out in this Privacy Policy. If you do not accept these conditions, you should avoid using and visiting our website.<\/p>\n<p>Any kind of inconvenience and controversy that could occur, will be governed by the Spanish legislation and will be submitted to the courts and tribunals of the closest city to the registered office of <strong>LOG\u00cdSTICA MERCANCIAS CATALUNYA, S.L.U.<\/strong><\/p>\n<p><strong>MORE INFORMATION<\/strong><\/p>\n<ul>\n<li><a href=\"\/en\/legal-notice\">Legal notice<\/a><\/li>\n<li><a href=\"\/en\/information-about-cookies\/\">Information about cookies<\/a><\/li>\n<\/ul>\n<\/div><\/div><\/div><\/div><\/div>\n","protected":false},"excerpt":{"rendered":"","protected":false},"author":1,"featured_media":7910,"parent":0,"menu_order":0,"comment_status":"closed","ping_status":"closed","template":"100-width.php","meta":{"footnotes":""},"class_list":["post-7992","page","type-page","status-publish","has-post-thumbnail","hentry"],"yoast_head":"<!-- This site is optimized with the Yoast SEO plugin v27.3 - https:\/\/yoast.com\/product\/yoast-seo-wordpress\/ -->\n<title>Privacy policy of Log\u00edsticaMC<\/title>\n<meta name=\"description\" content=\"Privacy policy and use of this website, property of Log\u00edsticaMC\" \/>\n<meta name=\"robots\" content=\"index, follow, max-snippet:-1, max-image-preview:large, max-video-preview:-1\" \/>\n<link rel=\"canonical\" href=\"https:\/\/logisticamc.com\/en\/privacy-policy\/\" \/>\n<meta property=\"og:locale\" content=\"en_US\" \/>\n<meta property=\"og:type\" content=\"article\" \/>\n<meta property=\"og:title\" content=\"Privacy policy of Log\u00edsticaMC\" \/>\n<meta property=\"og:description\" content=\"Privacy policy and use of this website, property of Log\u00edsticaMC\" \/>\n<meta property=\"og:url\" content=\"https:\/\/logisticamc.com\/en\/privacy-policy\/\" \/>\n<meta property=\"og:site_name\" content=\"Almacen log\u00edstico con puente gr\u00faa en Barcelona\" \/>\n<meta property=\"article:modified_time\" content=\"2023-05-03T15:44:53+00:00\" \/>\n<meta property=\"og:image\" content=\"https:\/\/logisticamc.com\/wp-content\/uploads\/c-aviso-legal.webp\" \/>\n\t<meta property=\"og:image:width\" content=\"1920\" \/>\n\t<meta property=\"og:image:height\" content=\"600\" \/>\n\t<meta property=\"og:image:type\" content=\"image\/webp\" \/>\n<meta name=\"twitter:card\" content=\"summary_large_image\" \/>\n<meta name=\"twitter:label1\" content=\"Est. reading time\" \/>\n\t<meta name=\"twitter:data1\" content=\"6 minutes\" \/>\n<script type=\"application\/ld+json\" class=\"yoast-schema-graph\">{\"@context\":\"https:\\\/\\\/schema.org\",\"@graph\":[{\"@type\":\"WebPage\",\"@id\":\"https:\\\/\\\/logisticamc.com\\\/en\\\/privacy-policy\\\/\",\"url\":\"https:\\\/\\\/logisticamc.com\\\/en\\\/privacy-policy\\\/\",\"name\":\"Privacy policy of Log\u00edsticaMC\",\"isPartOf\":{\"@id\":\"https:\\\/\\\/logisticamc.com\\\/en\\\/#website\"},\"primaryImageOfPage\":{\"@id\":\"https:\\\/\\\/logisticamc.com\\\/en\\\/privacy-policy\\\/#primaryimage\"},\"image\":{\"@id\":\"https:\\\/\\\/logisticamc.com\\\/en\\\/privacy-policy\\\/#primaryimage\"},\"thumbnailUrl\":\"https:\\\/\\\/logisticamc.com\\\/wp-content\\\/uploads\\\/c-aviso-legal.webp\",\"datePublished\":\"2023-04-13T13:56:05+00:00\",\"dateModified\":\"2023-05-03T15:44:53+00:00\",\"description\":\"Privacy policy and use of this website, property of Log\u00edsticaMC\",\"breadcrumb\":{\"@id\":\"https:\\\/\\\/logisticamc.com\\\/en\\\/privacy-policy\\\/#breadcrumb\"},\"inLanguage\":\"en-US\",\"potentialAction\":[{\"@type\":\"ReadAction\",\"target\":[\"https:\\\/\\\/logisticamc.com\\\/en\\\/privacy-policy\\\/\"]}]},{\"@type\":\"ImageObject\",\"inLanguage\":\"en-US\",\"@id\":\"https:\\\/\\\/logisticamc.com\\\/en\\\/privacy-policy\\\/#primaryimage\",\"url\":\"https:\\\/\\\/logisticamc.com\\\/wp-content\\\/uploads\\\/c-aviso-legal.webp\",\"contentUrl\":\"https:\\\/\\\/logisticamc.com\\\/wp-content\\\/uploads\\\/c-aviso-legal.webp\",\"width\":1920,\"height\":600,\"caption\":\"Aviso legal - Log\u00edstica MC Almac\u00e9n log\u00edstico Barcelona\"},{\"@type\":\"BreadcrumbList\",\"@id\":\"https:\\\/\\\/logisticamc.com\\\/en\\\/privacy-policy\\\/#breadcrumb\",\"itemListElement\":[{\"@type\":\"ListItem\",\"position\":1,\"name\":\"Inicio\",\"item\":\"https:\\\/\\\/logisticamc.com\\\/en\\\/inicio\\\/\"},{\"@type\":\"ListItem\",\"position\":2,\"name\":\"Privacy policy\"}]},{\"@type\":\"WebSite\",\"@id\":\"https:\\\/\\\/logisticamc.com\\\/en\\\/#website\",\"url\":\"https:\\\/\\\/logisticamc.com\\\/en\\\/\",\"name\":\"Almacen log\u00edstico con puente gr\u00faa en Barcelona\",\"description\":\"Almac\u00e9n log\u00edstico en Catalu\u00f1a. Respuesta r\u00e1pida y eficaz a las necesidades de su empresa en log\u00edstica y transporte. Especialistas en almacenamientos especiales\",\"publisher\":{\"@id\":\"https:\\\/\\\/logisticamc.com\\\/en\\\/#organization\"},\"potentialAction\":[{\"@type\":\"SearchAction\",\"target\":{\"@type\":\"EntryPoint\",\"urlTemplate\":\"https:\\\/\\\/logisticamc.com\\\/en\\\/?s={search_term_string}\"},\"query-input\":{\"@type\":\"PropertyValueSpecification\",\"valueRequired\":true,\"valueName\":\"search_term_string\"}}],\"inLanguage\":\"en-US\"},{\"@type\":\"Organization\",\"@id\":\"https:\\\/\\\/logisticamc.com\\\/en\\\/#organization\",\"name\":\"Almacen log\u00edstico con puente gr\u00faa en Barcelona\",\"url\":\"https:\\\/\\\/logisticamc.com\\\/en\\\/\",\"logo\":{\"@type\":\"ImageObject\",\"inLanguage\":\"en-US\",\"@id\":\"https:\\\/\\\/logisticamc.com\\\/en\\\/#\\\/schema\\\/logo\\\/image\\\/\",\"url\":\"https:\\\/\\\/logisticamc.com\\\/wp-content\\\/uploads\\\/logisticamc-logo.webp\",\"contentUrl\":\"https:\\\/\\\/logisticamc.com\\\/wp-content\\\/uploads\\\/logisticamc-logo.webp\",\"width\":500,\"height\":187,\"caption\":\"Almacen log\u00edstico con puente gr\u00faa en Barcelona\"},\"image\":{\"@id\":\"https:\\\/\\\/logisticamc.com\\\/en\\\/#\\\/schema\\\/logo\\\/image\\\/\"}}]}<\/script>\n<!-- \/ Yoast SEO plugin. -->","yoast_head_json":{"title":"Privacy policy of Log\u00edsticaMC","description":"Privacy policy and use of this website, property of Log\u00edsticaMC","robots":{"index":"index","follow":"follow","max-snippet":"max-snippet:-1","max-image-preview":"max-image-preview:large","max-video-preview":"max-video-preview:-1"},"canonical":"https:\/\/logisticamc.com\/en\/privacy-policy\/","og_locale":"en_US","og_type":"article","og_title":"Privacy policy of Log\u00edsticaMC","og_description":"Privacy policy and use of this website, property of Log\u00edsticaMC","og_url":"https:\/\/logisticamc.com\/en\/privacy-policy\/","og_site_name":"Almacen log\u00edstico con puente gr\u00faa en Barcelona","article_modified_time":"2023-05-03T15:44:53+00:00","og_image":[{"width":1920,"height":600,"url":"https:\/\/logisticamc.com\/wp-content\/uploads\/c-aviso-legal.webp","type":"image\/webp"}],"twitter_card":"summary_large_image","twitter_misc":{"Est. reading time":"6 minutes"},"schema":{"@context":"https:\/\/schema.org","@graph":[{"@type":"WebPage","@id":"https:\/\/logisticamc.com\/en\/privacy-policy\/","url":"https:\/\/logisticamc.com\/en\/privacy-policy\/","name":"Privacy policy of Log\u00edsticaMC","isPartOf":{"@id":"https:\/\/logisticamc.com\/en\/#website"},"primaryImageOfPage":{"@id":"https:\/\/logisticamc.com\/en\/privacy-policy\/#primaryimage"},"image":{"@id":"https:\/\/logisticamc.com\/en\/privacy-policy\/#primaryimage"},"thumbnailUrl":"https:\/\/logisticamc.com\/wp-content\/uploads\/c-aviso-legal.webp","datePublished":"2023-04-13T13:56:05+00:00","dateModified":"2023-05-03T15:44:53+00:00","description":"Privacy policy and use of this website, property of Log\u00edsticaMC","breadcrumb":{"@id":"https:\/\/logisticamc.com\/en\/privacy-policy\/#breadcrumb"},"inLanguage":"en-US","potentialAction":[{"@type":"ReadAction","target":["https:\/\/logisticamc.com\/en\/privacy-policy\/"]}]},{"@type":"ImageObject","inLanguage":"en-US","@id":"https:\/\/logisticamc.com\/en\/privacy-policy\/#primaryimage","url":"https:\/\/logisticamc.com\/wp-content\/uploads\/c-aviso-legal.webp","contentUrl":"https:\/\/logisticamc.com\/wp-content\/uploads\/c-aviso-legal.webp","width":1920,"height":600,"caption":"Aviso legal - Log\u00edstica MC Almac\u00e9n log\u00edstico Barcelona"},{"@type":"BreadcrumbList","@id":"https:\/\/logisticamc.com\/en\/privacy-policy\/#breadcrumb","itemListElement":[{"@type":"ListItem","position":1,"name":"Inicio","item":"https:\/\/logisticamc.com\/en\/inicio\/"},{"@type":"ListItem","position":2,"name":"Privacy policy"}]},{"@type":"WebSite","@id":"https:\/\/logisticamc.com\/en\/#website","url":"https:\/\/logisticamc.com\/en\/","name":"Almacen log\u00edstico con puente gr\u00faa en Barcelona","description":"Almac\u00e9n log\u00edstico en Catalu\u00f1a. Respuesta r\u00e1pida y eficaz a las necesidades de su empresa en log\u00edstica y transporte. Especialistas en almacenamientos especiales","publisher":{"@id":"https:\/\/logisticamc.com\/en\/#organization"},"potentialAction":[{"@type":"SearchAction","target":{"@type":"EntryPoint","urlTemplate":"https:\/\/logisticamc.com\/en\/?s={search_term_string}"},"query-input":{"@type":"PropertyValueSpecification","valueRequired":true,"valueName":"search_term_string"}}],"inLanguage":"en-US"},{"@type":"Organization","@id":"https:\/\/logisticamc.com\/en\/#organization","name":"Almacen log\u00edstico con puente gr\u00faa en Barcelona","url":"https:\/\/logisticamc.com\/en\/","logo":{"@type":"ImageObject","inLanguage":"en-US","@id":"https:\/\/logisticamc.com\/en\/#\/schema\/logo\/image\/","url":"https:\/\/logisticamc.com\/wp-content\/uploads\/logisticamc-logo.webp","contentUrl":"https:\/\/logisticamc.com\/wp-content\/uploads\/logisticamc-logo.webp","width":500,"height":187,"caption":"Almacen log\u00edstico con puente gr\u00faa en Barcelona"},"image":{"@id":"https:\/\/logisticamc.com\/en\/#\/schema\/logo\/image\/"}}]}},"_links":{"self":[{"href":"https:\/\/logisticamc.com\/en\/wp-json\/wp\/v2\/pages\/7992","targetHints":{"allow":["GET"]}}],"collection":[{"href":"https:\/\/logisticamc.com\/en\/wp-json\/wp\/v2\/pages"}],"about":[{"href":"https:\/\/logisticamc.com\/en\/wp-json\/wp\/v2\/types\/page"}],"author":[{"embeddable":true,"href":"https:\/\/logisticamc.com\/en\/wp-json\/wp\/v2\/users\/1"}],"replies":[{"embeddable":true,"href":"https:\/\/logisticamc.com\/en\/wp-json\/wp\/v2\/comments?post=7992"}],"version-history":[{"count":0,"href":"https:\/\/logisticamc.com\/en\/wp-json\/wp\/v2\/pages\/7992\/revisions"}],"wp:featuredmedia":[{"embeddable":true,"href":"https:\/\/logisticamc.com\/en\/wp-json\/wp\/v2\/media\/7910"}],"wp:attachment":[{"href":"https:\/\/logisticamc.com\/en\/wp-json\/wp\/v2\/media?parent=7992"}],"curies":[{"name":"wp","href":"https:\/\/api.w.org\/{rel}","templated":true}]}}