{"id":7995,"date":"2023-04-13T16:00:36","date_gmt":"2023-04-13T14:00:36","guid":{"rendered":"https:\/\/logisticamc.pruebasweb.com.es\/informacion-sobre-cookies\/"},"modified":"2023-05-23T08:54:36","modified_gmt":"2023-05-23T06:54:36","slug":"information-about-cookies","status":"publish","type":"page","link":"https:\/\/logisticamc.com\/en\/information-about-cookies\/","title":{"rendered":"Information about cookies"},"content":{"rendered":"<div class=\"fusion-fullwidth fullwidth-box fusion-builder-row-1 fusion-flex-container nonhundred-percent-fullwidth non-hundred-percent-height-scrolling\" style=\"--awb-border-radius-top-left:0px;--awb-border-radius-top-right:0px;--awb-border-radius-bottom-right:0px;--awb-border-radius-bottom-left:0px;--awb-flex-wrap:wrap;\" ><div class=\"fusion-builder-row fusion-row fusion-flex-align-items-flex-start fusion-flex-content-wrap\" style=\"max-width:1331.2px;margin-left: calc(-4% \/ 2 );margin-right: calc(-4% \/ 2 );\"><div class=\"fusion-layout-column fusion_builder_column fusion-builder-column-0 fusion_builder_column_1_1 1_1 fusion-flex-column\" style=\"--awb-bg-size:cover;--awb-width-large:100%;--awb-margin-top-large:0px;--awb-spacing-right-large:1.92%;--awb-margin-bottom-large:20px;--awb-spacing-left-large:1.92%;--awb-width-medium:100%;--awb-spacing-right-medium:1.92%;--awb-spacing-left-medium:1.92%;--awb-width-small:100%;--awb-spacing-right-small:1.92%;--awb-spacing-left-small:1.92%;\"><div class=\"fusion-column-wrapper fusion-flex-justify-content-flex-start fusion-content-layout-column\"><div class=\"fusion-text fusion-text-1\"><h3>Use of cookies<\/h3>\n<p style=\"text-align: justify;\">This web (hereinafter, the Web Site) uses proprietary and third-party cookies (Google Analytics) to improve your user experience and collect statistical data about USERS\u2019 use of the Web Site. The cookies are only associated to the browser that is used, therefore no personal data about the USER who visits the web page is stored. You can configure your browser to receive a notification about and\/or reject the installation of cookies, which will not prevent the possibility of the USER being able to access the different areas of the Web Site, except for the technical support chat service.<\/p>\n<p>If you browse the Web Site, you are accepting the use of cookies under the conditions established in this <strong>Cookie Policy<\/strong>. This policy may be updated, and you are therefore invited to review it regularly.<\/p>\n<h3>WHAT ARE COOKIES?<\/h3>\n<p style=\"text-align: justify;\">They are small data files that the internet service sends to the device with which you connect to our web sites and which is stored. They are only associated to your browser and do not provide personal data on their own. Cookies cannot damage your device and are also very useful, given that they help to identify and resolve errors.<\/p>\n<p>If you require further information about how they work, please visit <a href=\"http:\/\/www.allaboutcookies.org\" target=\"_blank\" rel=\"noopener noreferrer\"><strong>www.allaboutcookies.org <\/strong><\/a>and <a href=\"http:\/\/www.youronlinechoices.eu\/es\/\" target=\"_blank\" rel=\"noopener noreferrer\"><strong>www.youronlinechoices.eu<\/strong><\/a><\/p>\n<h3><span style=\"font-size: 1.17em; text-align: justify; line-height: 1.5em;\">SOCIAL NETWORK COOKIES<\/span><\/h3>\n<p style=\"text-align: justify;\">The Web Site includes buttons that the USERS can use, simply and intuitively, to link and share certain content on social networks such as Facebook, Twitter, Google+, Linkedin and Pinterest. This functionality entails the use of cookies that link with the web sites of these social networks, storing the information only on them.<\/p>\n<h3 style=\"text-align: justify;\">COOKIE CONFIGURATION<\/h3>\n<p style=\"text-align: justify;\">You can consult the steps to follow to disable cookie installation in the \u201cHelp\u201d section in your browser: Microsoft Internet Explorer, Google Chrome, Safari, Mozilla Firefox and Opera.<\/p>\n<p><span style=\"line-height: 1.5em;\">Many browsers allow you to activate a provate mode by which cookies are always deleted after your visit to the website. Depending on each browser this private mode may have different names. Below you will find a list of the most common browsers and the different names of this &#8220;private mode&#8221;<\/span><span style=\"line-height: 1.5em;\">:<\/span><\/p>\n<ul>\n<li>Internet Explorer 8 and higher &#8211; InPrivate<\/li>\n<li>Microsoft Edge<\/li>\n<li>Opera 10.5 and higher &#8211; Private Browsing<\/li>\n<li>Google Chrome 10 and higher &#8211; Incognite<\/li>\n<li>Safari 2 and higher &#8211; Private Browsing<\/li>\n<li>Firefox 3.5 and higher &#8211; Private Browsing<\/li>\n<\/ul>\n<p>Below we detail the list of cookies used by <a href=\"http:\/\/logisticamc.com\"><strong>logisticamc.com<\/strong><\/a>:<\/p>\n<\/div>\n<div class=\"table-1\">\n<table width=\"100%\">\n<thead>\n<tr>\n<th align=\"left\">Cookie<\/th>\n<th align=\"left\">Tipo<\/th>\n<th align=\"left\">Duraci\u00f3n<\/th>\n<th align=\"left\">Descripci\u00f3n<\/th>\n<\/tr>\n<\/thead>\n<tbody>\n<tr>\n<td align=\"left\">_icl_current_language<\/td>\n<td align=\"left\">De terceros<\/td>\n<td align=\"left\">1 d\u00eda<\/td>\n<td align=\"left\">Gesti\u00f3n de los idiomas utilizados en la web<\/td>\n<\/tr>\n<tr>\n<td align=\"left\">_icl_current_admin_language<\/td>\n<td align=\"left\">De terceros<\/td>\n<td align=\"left\">1 d\u00eda<\/td>\n<td align=\"left\">Gesti\u00f3n de los idiomas utilizados en la web<\/td>\n<\/tr>\n<tr>\n<td align=\"left\">wfvt_N\u00ba aleatorio<\/td>\n<td align=\"left\">De terceros<\/td>\n<td align=\"left\">Inmediatamente<\/td>\n<td align=\"left\">Preferencias del blog<\/td>\n<\/tr>\n<tr>\n<td align=\"left\">wfwaf-authcookie-<\/td>\n<td align=\"left\">De terceros<\/td>\n<td align=\"left\">30 minutos<\/td>\n<td align=\"left\">Identificaci\u00f3n del visitante por parte de un plugin de seguridad para evitar ataques a la web.<\/td>\n<\/tr>\n<tr>\n<td align=\"left\">wordpress_test_cookie<\/td>\n<td align=\"left\">De terceros<\/td>\n<td align=\"left\">Sesi\u00f3n<\/td>\n<td align=\"left\">Esta cookie se usa para que el gestor de contenidos WordPress compruebe si el navegador tiene las cookies activadas<\/td>\n<\/tr>\n<tr>\n<td align=\"left\">wordpress_logged_in[hash]<\/td>\n<td align=\"left\">De terceros<\/td>\n<td align=\"left\">Sesi\u00f3n<\/td>\n<td align=\"left\">Indica si el usuario est\u00e1 conectado y qui\u00e9n es<\/td>\n<\/tr>\n<tr>\n<td align=\"left\">wp-settings-1<\/td>\n<td align=\"left\">De terceros<\/td>\n<td align=\"left\">Al cerrar el navegador<\/td>\n<td align=\"left\">Utilizada para personalizar el interfaz de usuario<\/td>\n<\/tr>\n<tr>\n<td align=\"left\">wp-settings-time-1<\/td>\n<td align=\"left\">Propia<\/td>\n<td align=\"left\">1 a\u00f1o<\/td>\n<td align=\"left\">Personalizar Interfaz<\/td>\n<\/tr>\n<\/tbody>\n<\/table>\n<\/div>\n<\/div><\/div><\/div><\/div>\n","protected":false},"excerpt":{"rendered":"","protected":false},"author":1,"featured_media":7910,"parent":0,"menu_order":0,"comment_status":"closed","ping_status":"closed","template":"100-width.php","meta":{"footnotes":""},"class_list":["post-7995","page","type-page","status-publish","has-post-thumbnail","hentry"],"yoast_head":"<!-- This site is optimized with the Yoast SEO plugin v27.4 - https:\/\/yoast.com\/product\/yoast-seo-wordpress\/ -->\n<title>Information about cookies- Logistic warehouse with overhead crane in Barcelona - Log\u00edstica MC<\/title>\n<meta name=\"description\" content=\"Logistic warehouse with overhead crane in Barcelona - Log\u00edstica MC\" \/>\n<meta name=\"robots\" content=\"index, follow, max-snippet:-1, max-image-preview:large, max-video-preview:-1\" \/>\n<link rel=\"canonical\" href=\"https:\/\/logisticamc.com\/en\/information-about-cookies\/\" \/>\n<meta property=\"og:locale\" content=\"en_US\" \/>\n<meta property=\"og:type\" content=\"article\" \/>\n<meta property=\"og:title\" content=\"Information about cookies- Logistic warehouse with overhead crane in Barcelona - Log\u00edstica MC\" \/>\n<meta property=\"og:description\" content=\"Logistic warehouse with overhead crane in Barcelona - Log\u00edstica MC\" \/>\n<meta property=\"og:url\" content=\"https:\/\/logisticamc.com\/en\/information-about-cookies\/\" \/>\n<meta property=\"og:site_name\" content=\"Almacen log\u00edstico con puente gr\u00faa en Barcelona\" \/>\n<meta property=\"article:modified_time\" content=\"2023-05-23T06:54:36+00:00\" \/>\n<meta property=\"og:image\" content=\"https:\/\/logisticamc.com\/wp-content\/uploads\/c-aviso-legal.webp\" \/>\n\t<meta property=\"og:image:width\" content=\"1920\" \/>\n\t<meta property=\"og:image:height\" content=\"600\" \/>\n\t<meta property=\"og:image:type\" content=\"image\/webp\" \/>\n<meta name=\"twitter:card\" content=\"summary_large_image\" \/>\n<meta name=\"twitter:label1\" content=\"Est. reading time\" \/>\n\t<meta name=\"twitter:data1\" content=\"3 minutes\" \/>\n<script type=\"application\/ld+json\" class=\"yoast-schema-graph\">{\"@context\":\"https:\\\/\\\/schema.org\",\"@graph\":[{\"@type\":\"WebPage\",\"@id\":\"https:\\\/\\\/logisticamc.com\\\/en\\\/information-about-cookies\\\/\",\"url\":\"https:\\\/\\\/logisticamc.com\\\/en\\\/information-about-cookies\\\/\",\"name\":\"Information about cookies- Logistic warehouse with overhead crane in Barcelona - Log\u00edstica MC\",\"isPartOf\":{\"@id\":\"https:\\\/\\\/logisticamc.com\\\/en\\\/#website\"},\"primaryImageOfPage\":{\"@id\":\"https:\\\/\\\/logisticamc.com\\\/en\\\/information-about-cookies\\\/#primaryimage\"},\"image\":{\"@id\":\"https:\\\/\\\/logisticamc.com\\\/en\\\/information-about-cookies\\\/#primaryimage\"},\"thumbnailUrl\":\"https:\\\/\\\/logisticamc.com\\\/wp-content\\\/uploads\\\/c-aviso-legal.webp\",\"datePublished\":\"2023-04-13T14:00:36+00:00\",\"dateModified\":\"2023-05-23T06:54:36+00:00\",\"description\":\"Logistic warehouse with overhead crane in Barcelona - Log\u00edstica MC\",\"breadcrumb\":{\"@id\":\"https:\\\/\\\/logisticamc.com\\\/en\\\/information-about-cookies\\\/#breadcrumb\"},\"inLanguage\":\"en-US\",\"potentialAction\":[{\"@type\":\"ReadAction\",\"target\":[\"https:\\\/\\\/logisticamc.com\\\/en\\\/information-about-cookies\\\/\"]}]},{\"@type\":\"ImageObject\",\"inLanguage\":\"en-US\",\"@id\":\"https:\\\/\\\/logisticamc.com\\\/en\\\/information-about-cookies\\\/#primaryimage\",\"url\":\"https:\\\/\\\/logisticamc.com\\\/wp-content\\\/uploads\\\/c-aviso-legal.webp\",\"contentUrl\":\"https:\\\/\\\/logisticamc.com\\\/wp-content\\\/uploads\\\/c-aviso-legal.webp\",\"width\":1920,\"height\":600,\"caption\":\"Aviso legal - Log\u00edstica MC Almac\u00e9n log\u00edstico Barcelona\"},{\"@type\":\"BreadcrumbList\",\"@id\":\"https:\\\/\\\/logisticamc.com\\\/en\\\/information-about-cookies\\\/#breadcrumb\",\"itemListElement\":[{\"@type\":\"ListItem\",\"position\":1,\"name\":\"Inicio\",\"item\":\"https:\\\/\\\/logisticamc.com\\\/en\\\/inicio\\\/\"},{\"@type\":\"ListItem\",\"position\":2,\"name\":\"Information about cookies\"}]},{\"@type\":\"WebSite\",\"@id\":\"https:\\\/\\\/logisticamc.com\\\/en\\\/#website\",\"url\":\"https:\\\/\\\/logisticamc.com\\\/en\\\/\",\"name\":\"Almacen log\u00edstico con puente gr\u00faa en Barcelona\",\"description\":\"Almac\u00e9n log\u00edstico en Catalu\u00f1a. Respuesta r\u00e1pida y eficaz a las necesidades de su empresa en log\u00edstica y transporte. Especialistas en almacenamientos especiales\",\"publisher\":{\"@id\":\"https:\\\/\\\/logisticamc.com\\\/en\\\/#organization\"},\"potentialAction\":[{\"@type\":\"SearchAction\",\"target\":{\"@type\":\"EntryPoint\",\"urlTemplate\":\"https:\\\/\\\/logisticamc.com\\\/en\\\/?s={search_term_string}\"},\"query-input\":{\"@type\":\"PropertyValueSpecification\",\"valueRequired\":true,\"valueName\":\"search_term_string\"}}],\"inLanguage\":\"en-US\"},{\"@type\":\"Organization\",\"@id\":\"https:\\\/\\\/logisticamc.com\\\/en\\\/#organization\",\"name\":\"Almacen log\u00edstico con puente gr\u00faa en Barcelona\",\"url\":\"https:\\\/\\\/logisticamc.com\\\/en\\\/\",\"logo\":{\"@type\":\"ImageObject\",\"inLanguage\":\"en-US\",\"@id\":\"https:\\\/\\\/logisticamc.com\\\/en\\\/#\\\/schema\\\/logo\\\/image\\\/\",\"url\":\"https:\\\/\\\/logisticamc.com\\\/wp-content\\\/uploads\\\/logisticamc-logo.webp\",\"contentUrl\":\"https:\\\/\\\/logisticamc.com\\\/wp-content\\\/uploads\\\/logisticamc-logo.webp\",\"width\":500,\"height\":187,\"caption\":\"Almacen log\u00edstico con puente gr\u00faa en Barcelona\"},\"image\":{\"@id\":\"https:\\\/\\\/logisticamc.com\\\/en\\\/#\\\/schema\\\/logo\\\/image\\\/\"}}]}<\/script>\n<!-- \/ Yoast SEO plugin. -->","yoast_head_json":{"title":"Information about cookies- Logistic warehouse with overhead crane in Barcelona - Log\u00edstica MC","description":"Logistic warehouse with overhead crane in Barcelona - Log\u00edstica MC","robots":{"index":"index","follow":"follow","max-snippet":"max-snippet:-1","max-image-preview":"max-image-preview:large","max-video-preview":"max-video-preview:-1"},"canonical":"https:\/\/logisticamc.com\/en\/information-about-cookies\/","og_locale":"en_US","og_type":"article","og_title":"Information about cookies- Logistic warehouse with overhead crane in Barcelona - Log\u00edstica MC","og_description":"Logistic warehouse with overhead crane in Barcelona - Log\u00edstica MC","og_url":"https:\/\/logisticamc.com\/en\/information-about-cookies\/","og_site_name":"Almacen log\u00edstico con puente gr\u00faa en Barcelona","article_modified_time":"2023-05-23T06:54:36+00:00","og_image":[{"width":1920,"height":600,"url":"https:\/\/logisticamc.com\/wp-content\/uploads\/c-aviso-legal.webp","type":"image\/webp"}],"twitter_card":"summary_large_image","twitter_misc":{"Est. reading time":"3 minutes"},"schema":{"@context":"https:\/\/schema.org","@graph":[{"@type":"WebPage","@id":"https:\/\/logisticamc.com\/en\/information-about-cookies\/","url":"https:\/\/logisticamc.com\/en\/information-about-cookies\/","name":"Information about cookies- Logistic warehouse with overhead crane in Barcelona - Log\u00edstica MC","isPartOf":{"@id":"https:\/\/logisticamc.com\/en\/#website"},"primaryImageOfPage":{"@id":"https:\/\/logisticamc.com\/en\/information-about-cookies\/#primaryimage"},"image":{"@id":"https:\/\/logisticamc.com\/en\/information-about-cookies\/#primaryimage"},"thumbnailUrl":"https:\/\/logisticamc.com\/wp-content\/uploads\/c-aviso-legal.webp","datePublished":"2023-04-13T14:00:36+00:00","dateModified":"2023-05-23T06:54:36+00:00","description":"Logistic warehouse with overhead crane in Barcelona - Log\u00edstica MC","breadcrumb":{"@id":"https:\/\/logisticamc.com\/en\/information-about-cookies\/#breadcrumb"},"inLanguage":"en-US","potentialAction":[{"@type":"ReadAction","target":["https:\/\/logisticamc.com\/en\/information-about-cookies\/"]}]},{"@type":"ImageObject","inLanguage":"en-US","@id":"https:\/\/logisticamc.com\/en\/information-about-cookies\/#primaryimage","url":"https:\/\/logisticamc.com\/wp-content\/uploads\/c-aviso-legal.webp","contentUrl":"https:\/\/logisticamc.com\/wp-content\/uploads\/c-aviso-legal.webp","width":1920,"height":600,"caption":"Aviso legal - Log\u00edstica MC Almac\u00e9n log\u00edstico Barcelona"},{"@type":"BreadcrumbList","@id":"https:\/\/logisticamc.com\/en\/information-about-cookies\/#breadcrumb","itemListElement":[{"@type":"ListItem","position":1,"name":"Inicio","item":"https:\/\/logisticamc.com\/en\/inicio\/"},{"@type":"ListItem","position":2,"name":"Information about cookies"}]},{"@type":"WebSite","@id":"https:\/\/logisticamc.com\/en\/#website","url":"https:\/\/logisticamc.com\/en\/","name":"Almacen log\u00edstico con puente gr\u00faa en Barcelona","description":"Almac\u00e9n log\u00edstico en Catalu\u00f1a. Respuesta r\u00e1pida y eficaz a las necesidades de su empresa en log\u00edstica y transporte. Especialistas en almacenamientos especiales","publisher":{"@id":"https:\/\/logisticamc.com\/en\/#organization"},"potentialAction":[{"@type":"SearchAction","target":{"@type":"EntryPoint","urlTemplate":"https:\/\/logisticamc.com\/en\/?s={search_term_string}"},"query-input":{"@type":"PropertyValueSpecification","valueRequired":true,"valueName":"search_term_string"}}],"inLanguage":"en-US"},{"@type":"Organization","@id":"https:\/\/logisticamc.com\/en\/#organization","name":"Almacen log\u00edstico con puente gr\u00faa en Barcelona","url":"https:\/\/logisticamc.com\/en\/","logo":{"@type":"ImageObject","inLanguage":"en-US","@id":"https:\/\/logisticamc.com\/en\/#\/schema\/logo\/image\/","url":"https:\/\/logisticamc.com\/wp-content\/uploads\/logisticamc-logo.webp","contentUrl":"https:\/\/logisticamc.com\/wp-content\/uploads\/logisticamc-logo.webp","width":500,"height":187,"caption":"Almacen log\u00edstico con puente gr\u00faa en Barcelona"},"image":{"@id":"https:\/\/logisticamc.com\/en\/#\/schema\/logo\/image\/"}}]}},"_links":{"self":[{"href":"https:\/\/logisticamc.com\/en\/wp-json\/wp\/v2\/pages\/7995","targetHints":{"allow":["GET"]}}],"collection":[{"href":"https:\/\/logisticamc.com\/en\/wp-json\/wp\/v2\/pages"}],"about":[{"href":"https:\/\/logisticamc.com\/en\/wp-json\/wp\/v2\/types\/page"}],"author":[{"embeddable":true,"href":"https:\/\/logisticamc.com\/en\/wp-json\/wp\/v2\/users\/1"}],"replies":[{"embeddable":true,"href":"https:\/\/logisticamc.com\/en\/wp-json\/wp\/v2\/comments?post=7995"}],"version-history":[{"count":0,"href":"https:\/\/logisticamc.com\/en\/wp-json\/wp\/v2\/pages\/7995\/revisions"}],"wp:featuredmedia":[{"embeddable":true,"href":"https:\/\/logisticamc.com\/en\/wp-json\/wp\/v2\/media\/7910"}],"wp:attachment":[{"href":"https:\/\/logisticamc.com\/en\/wp-json\/wp\/v2\/media?parent=7995"}],"curies":[{"name":"wp","href":"https:\/\/api.w.org\/{rel}","templated":true}]}}