{"id":8002,"date":"2023-03-17T10:27:43","date_gmt":"2023-03-17T09:27:43","guid":{"rendered":"https:\/\/logisticamc.pruebasweb.com.es\/blog\/"},"modified":"2023-05-15T11:45:40","modified_gmt":"2023-05-15T09:45:40","slug":"blog","status":"publish","type":"page","link":"https:\/\/logisticamc.com\/en\/blog\/","title":{"rendered":"BLOG"},"content":{"rendered":"<p><div class=\"fusion-fullwidth fullwidth-box fusion-builder-row-1 fusion-flex-container has-pattern-background has-mask-background nonhundred-percent-fullwidth non-hundred-percent-height-scrolling\" style=\"--awb-border-radius-top-left:0px;--awb-border-radius-top-right:0px;--awb-border-radius-bottom-right:0px;--awb-border-radius-bottom-left:0px;--awb-padding-top:45px;--awb-padding-bottom:140px;--awb-flex-wrap:wrap;\" ><div class=\"fusion-builder-row fusion-row fusion-flex-align-items-center fusion-flex-justify-content-center fusion-flex-content-wrap\" style=\"max-width:1331.2px;margin-left: calc(-4% \/ 2 );margin-right: calc(-4% \/ 2 );\"><div class=\"fusion-layout-column fusion_builder_column fusion-builder-column-0 fusion_builder_column_1_1 1_1 fusion-flex-column\" style=\"--awb-padding-top-small:20px;--awb-bg-size:cover;--awb-width-large:100%;--awb-margin-top-large:0px;--awb-spacing-right-large:1.92%;--awb-margin-bottom-large:0px;--awb-spacing-left-large:1.92%;--awb-width-medium:100%;--awb-order-medium:0;--awb-spacing-right-medium:1.92%;--awb-spacing-left-medium:1.92%;--awb-width-small:100%;--awb-order-small:0;--awb-spacing-right-small:1.92%;--awb-spacing-left-small:1.92%;\"><div class=\"fusion-column-wrapper fusion-column-has-shadow fusion-flex-justify-content-flex-start fusion-content-layout-column\"><div class=\"fusion-title title fusion-title-1 fusion-sep-none fusion-title-center fusion-title-text fusion-title-size-div titulomov\" style=\"--awb-margin-bottom:40px;--awb-margin-top-small:10px;--awb-margin-right-small:0px;--awb-margin-bottom-small:10px;--awb-margin-left-small:0px;--awb-font-size:44px;\"><div class=\"fusion-title-heading title-heading-center title-heading-tag fusion-responsive-typography-calculated\" style=\"font-family:&quot;Roboto Condensed&quot;;font-style:normal;font-weight:700;margin:0;font-size:1em;--fontSize:44;line-height:1;\"><p>Information about logistics&#8230;<br \/>\n<span style=\"color: #052941;\">AND MORE<\/span><\/p><\/div><\/div><\/div><\/div><div class=\"fusion-layout-column fusion_builder_column fusion-builder-column-1 fusion_builder_column_1_6 1_6 fusion-flex-column\" style=\"--awb-bg-size:cover;--awb-width-large:16.666666666667%;--awb-margin-top-large:0px;--awb-spacing-right-large:11.52%;--awb-margin-bottom-large:20px;--awb-spacing-left-large:11.52%;--awb-width-medium:16.666666666667%;--awb-order-medium:0;--awb-spacing-right-medium:11.52%;--awb-spacing-left-medium:11.52%;--awb-width-small:100%;--awb-order-small:0;--awb-spacing-right-small:1.92%;--awb-spacing-left-small:1.92%;\"><div class=\"fusion-column-wrapper fusion-column-has-shadow fusion-flex-justify-content-flex-start fusion-content-layout-column\"><\/div><\/div><div class=\"fusion-layout-column fusion_builder_column fusion-builder-column-2 fusion_builder_column_2_3 2_3 fusion-flex-column\" style=\"--awb-bg-size:cover;--awb-width-large:66.666666666667%;--awb-margin-top-large:0px;--awb-spacing-right-large:2.88%;--awb-margin-bottom-large:20px;--awb-spacing-left-large:2.88%;--awb-width-medium:66.666666666667%;--awb-order-medium:0;--awb-spacing-right-medium:2.88%;--awb-spacing-left-medium:2.88%;--awb-width-small:100%;--awb-order-small:0;--awb-spacing-right-small:1.92%;--awb-spacing-left-small:1.92%;\"><div class=\"fusion-column-wrapper fusion-column-has-shadow fusion-flex-justify-content-flex-start fusion-content-layout-column\"><div class=\"fusion-text fusion-text-1 txtdestacado\" style=\"--awb-content-alignment:justify;--awb-font-size:22px;\"><p>In our blog we cover news of our company and information related to the logistics and storage of goods sector seeking to move us closer to the most frequent queries of our customers. In addition to this, we share articles of interest.<\/p>\n<\/div><\/div><\/div><div class=\"fusion-layout-column fusion_builder_column fusion-builder-column-3 fusion_builder_column_1_6 1_6 fusion-flex-column\" style=\"--awb-bg-size:cover;--awb-width-large:16.666666666667%;--awb-margin-top-large:0px;--awb-spacing-right-large:11.52%;--awb-margin-bottom-large:20px;--awb-spacing-left-large:11.52%;--awb-width-medium:16.666666666667%;--awb-order-medium:0;--awb-spacing-right-medium:11.52%;--awb-spacing-left-medium:11.52%;--awb-width-small:100%;--awb-order-small:0;--awb-spacing-right-small:1.92%;--awb-spacing-left-small:1.92%;\"><div class=\"fusion-column-wrapper fusion-column-has-shadow fusion-flex-justify-content-flex-start fusion-content-layout-column\"><\/div><\/div><\/div><\/div><div class=\"fusion-fullwidth fullwidth-box fusion-builder-row-2 fusion-flex-container has-pattern-background has-mask-background hundred-percent-fullwidth non-hundred-percent-height-scrolling\" style=\"--awb-border-radius-top-left:0px;--awb-border-radius-top-right:0px;--awb-border-radius-bottom-right:0px;--awb-border-radius-bottom-left:0px;--awb-padding-right:6%;--awb-padding-left:6%;--awb-margin-top:-100px;--awb-flex-wrap:wrap;\" ><div class=\"fusion-builder-row fusion-row fusion-flex-align-items-flex-start fusion-flex-content-wrap\" style=\"width:104% !important;max-width:104% !important;margin-left: calc(-4% \/ 2 );margin-right: calc(-4% \/ 2 );\"><div class=\"fusion-layout-column fusion_builder_column fusion-builder-column-4 fusion_builder_column_1_1 1_1 fusion-flex-column\" style=\"--awb-bg-size:cover;--awb-width-large:100%;--awb-margin-top-large:0px;--awb-spacing-right-large:1.92%;--awb-margin-bottom-large:20px;--awb-spacing-left-large:1.92%;--awb-width-medium:100%;--awb-order-medium:0;--awb-spacing-right-medium:1.92%;--awb-spacing-left-medium:1.92%;--awb-width-small:100%;--awb-order-small:0;--awb-spacing-right-small:1.92%;--awb-spacing-left-small:1.92%;\"><div class=\"fusion-column-wrapper fusion-column-has-shadow fusion-flex-justify-content-flex-start fusion-content-layout-column\"><div class=\"fusion-post-cards fusion-post-cards-1 fusion-grid-archive fusion-grid-columns-2\" style=\"--awb-dots-align:center;--awb-columns:2;--awb-active-filter-border-size:3px;--awb-filters-height:36px;\" data-post-type-label=\"posts\"><ul class=\"fusion-grid fusion-grid-2 fusion-flex-align-items-flex-start fusion-grid-posts-cards\"><li class=\"fusion-layout-column fusion_builder_column fusion-builder-column-5 fusion-flex-column post-card fusion-grid-column fusion-post-cards-grid-column\" style=\"--awb-bg-blend:overlay;--awb-bg-size:cover;--awb-flex-grow:0;--awb-flex-shrink:0;--awb-flex-grow-medium:0;--awb-flex-shrink-medium:0;--awb-flex-grow-small:0;--awb-flex-shrink-small:0;\" data-scroll-devices=\"small-visibility,medium-visibility,large-visibility\"><div class=\"fusion-column-wrapper fusion-column-has-shadow fusion-flex-justify-content-space-between fusion-content-layout-column\"><div class=\"fusion-builder-row fusion-builder-row-inner fusion-row fusion-flex-align-items-flex-start fusion-flex-content-wrap\" style=\"--awb-flex-grow:0;--awb-flex-grow-medium:0;--awb-flex-grow-small:0;--awb-flex-shrink:0;--awb-flex-shrink-medium:0;--awb-flex-shrink-small:0;width:104% !important;max-width:104% !important;margin-left: calc(-4% \/ 2 );margin-right: calc(-4% \/ 2 );\"><div class=\"fusion-layout-column fusion_builder_column_inner fusion-builder-nested-column-0 fusion_builder_column_inner_1_2 1_2 fusion-flex-column fusion-flex-align-self-stretch alturablog\" style=\"--awb-padding-top:36px;--awb-padding-right:36px;--awb-padding-bottom:36px;--awb-padding-left:36px;--awb-bg-color:#f9f9f9;--awb-bg-color-hover:#f9f9f9;--awb-bg-size:cover;--awb-width-large:50%;--awb-margin-top-large:0px;--awb-spacing-right-large:1px;--awb-margin-bottom-large:0px;--awb-spacing-left-large:3.84%;--awb-width-medium:50%;--awb-order-medium:0;--awb-spacing-right-medium:1px;--awb-spacing-left-medium:3.84%;--awb-width-small:100%;--awb-order-small:2;--awb-spacing-right-small:1.92%;--awb-margin-bottom-small:4px;--awb-spacing-left-small:1.92%;\" data-scroll-devices=\"small-visibility,medium-visibility,large-visibility\"><div class=\"fusion-column-wrapper fusion-column-has-shadow fusion-flex-justify-content-space-between fusion-content-layout-column\"><div class=\"fusion-title title fusion-title-2 fusion-sep-none fusion-title-text fusion-title-size-three\" style=\"--awb-text-color:#ffffff;--awb-margin-top:32px;--awb-margin-top-small:10px;--awb-margin-right-small:0px;--awb-margin-bottom-small:50px;--awb-margin-left-small:0px;--awb-link-color:var(--awb-color3);--awb-link-hover-color:var(--awb-color4);--awb-font-size:18px;\"><h3 class=\"fusion-title-heading title-heading-left fusion-responsive-typography-calculated\" style=\"font-family:&quot;Work Sans&quot;;font-style:normal;font-weight:500;margin:0;text-transform:var(--awb-typography1-text-transform);font-size:1em;--fontSize:18;--minFontSize:18;line-height:1.2;\"><a href=\"https:\/\/logisticamc.com\/en\/new-vehicle-for-urgent-deliveries\/\" class=\"awb-custom-text-color awb-custom-text-hover-color\" target=\"_self\">New vehicle for urgent deliveries<\/a><\/h3><\/div><div class=\"fusion-content-tb fusion-content-tb-1\" style=\"--awb-text-color:#000000;--awb-font-size:16px;--awb-content-alignment:justify;--awb-text-transform:none;\"><p> Log\u00edstica MC has incorporated a new vehicle into its fleet to optimize the distribution service among its customers. It is a light van, ideal to attend in the shortest [...]<\/p><\/div><div ><a class=\"fusion-button button-flat button-medium button-default fusion-button-default button-1 fusion-button-default-span fusion-button-default-type\" target=\"_self\" href=\"https:\/\/logisticamc.com\/en\/new-vehicle-for-urgent-deliveries\/\"><span class=\"fusion-button-text awb-button__text awb-button__text--default\">Read more<\/span><\/a><\/div><\/div><\/div><div class=\"fusion-layout-column fusion_builder_column_inner fusion-builder-nested-column-1 fusion_builder_column_inner_1_2 1_2 fusion-flex-column fusion-flex-align-self-stretch\" style=\"--awb-padding-top-small:100px;--awb-padding-bottom-small:100px;--awb-bg-position:center center;--awb-bg-size:cover;--awb-width-large:50%;--awb-margin-top-large:0px;--awb-spacing-right-large:3.84%;--awb-margin-bottom-large:0px;--awb-spacing-left-large:1px;--awb-width-medium:50%;--awb-order-medium:0;--awb-spacing-right-medium:3.84%;--awb-spacing-left-medium:1px;--awb-width-small:100%;--awb-order-small:1;--awb-spacing-right-small:1.92%;--awb-spacing-left-small:1.92%;\" data-scroll-devices=\"small-visibility,medium-visibility,large-visibility\"><div class=\"fusion-column-wrapper lazyload fusion-column-has-shadow fusion-flex-justify-content-flex-start fusion-content-layout-column fusion-empty-column-bg-image fusion-column-has-bg-image\" data-bg-url=\"https:\/\/logisticamc.com\/wp-content\/uploads\/repartos-urgentes-d.webp\" data-bg=\"https:\/\/logisticamc.com\/wp-content\/uploads\/repartos-urgentes-d.webp\"><img decoding=\"async\" class=\"fusion-empty-dims-img-placeholder\" alt=\"Nuevo veh\u00edculo para repartos urgentes en tiempo expr\u00e9s\" aria-label=\"Nuevo veh\u00edculo para repartos urgentes en tiempo expr\u00e9s\" src=\"data:image\/svg+xml,%3Csvg%20xmlns%3D%27http%3A%2F%2Fwww.w3.org%2F2000%2Fsvg%27%20width%3D%27450%27%20height%3D%27325%27%20viewBox%3D%270%200%20450%20325%27%3E%3Crect%20width%3D%27450%27%20height%3D%27325%27%20fill-opacity%3D%220%22%2F%3E%3C%2Fsvg%3E\"><\/div><\/div><\/div><\/div><\/li>\n<li class=\"fusion-layout-column fusion_builder_column fusion-builder-column-6 fusion-flex-column post-card fusion-grid-column fusion-post-cards-grid-column\" style=\"--awb-bg-blend:overlay;--awb-bg-size:cover;--awb-flex-grow:0;--awb-flex-shrink:0;--awb-flex-grow-medium:0;--awb-flex-shrink-medium:0;--awb-flex-grow-small:0;--awb-flex-shrink-small:0;\" data-scroll-devices=\"small-visibility,medium-visibility,large-visibility\"><div class=\"fusion-column-wrapper fusion-column-has-shadow fusion-flex-justify-content-space-between fusion-content-layout-column\"><div class=\"fusion-builder-row fusion-builder-row-inner fusion-row fusion-flex-align-items-flex-start fusion-flex-content-wrap\" style=\"--awb-flex-grow:0;--awb-flex-grow-medium:0;--awb-flex-grow-small:0;--awb-flex-shrink:0;--awb-flex-shrink-medium:0;--awb-flex-shrink-small:0;width:104% !important;max-width:104% !important;margin-left: calc(-4% \/ 2 );margin-right: calc(-4% \/ 2 );\"><div class=\"fusion-layout-column fusion_builder_column_inner fusion-builder-nested-column-2 fusion_builder_column_inner_1_2 1_2 fusion-flex-column fusion-flex-align-self-stretch alturablog\" style=\"--awb-padding-top:36px;--awb-padding-right:36px;--awb-padding-bottom:36px;--awb-padding-left:36px;--awb-bg-color:#f9f9f9;--awb-bg-color-hover:#f9f9f9;--awb-bg-size:cover;--awb-width-large:50%;--awb-margin-top-large:0px;--awb-spacing-right-large:1px;--awb-margin-bottom-large:0px;--awb-spacing-left-large:3.84%;--awb-width-medium:50%;--awb-order-medium:0;--awb-spacing-right-medium:1px;--awb-spacing-left-medium:3.84%;--awb-width-small:100%;--awb-order-small:2;--awb-spacing-right-small:1.92%;--awb-margin-bottom-small:4px;--awb-spacing-left-small:1.92%;\" data-scroll-devices=\"small-visibility,medium-visibility,large-visibility\"><div class=\"fusion-column-wrapper fusion-column-has-shadow fusion-flex-justify-content-space-between fusion-content-layout-column\"><div class=\"fusion-title title fusion-title-3 fusion-sep-none fusion-title-text fusion-title-size-three\" style=\"--awb-text-color:#ffffff;--awb-margin-top:32px;--awb-margin-top-small:10px;--awb-margin-right-small:0px;--awb-margin-bottom-small:50px;--awb-margin-left-small:0px;--awb-link-color:var(--awb-color3);--awb-link-hover-color:var(--awb-color4);--awb-font-size:18px;\"><h3 class=\"fusion-title-heading title-heading-left fusion-responsive-typography-calculated\" style=\"font-family:&quot;Work Sans&quot;;font-style:normal;font-weight:500;margin:0;text-transform:var(--awb-typography1-text-transform);font-size:1em;--fontSize:18;--minFontSize:18;line-height:1.2;\"><a href=\"https:\/\/logisticamc.com\/en\/introducing-our-new-website\/\" class=\"awb-custom-text-color awb-custom-text-hover-color\" target=\"_self\">Introducing our new website<\/a><\/h3><\/div><div class=\"fusion-content-tb fusion-content-tb-2\" style=\"--awb-text-color:#000000;--awb-font-size:16px;--awb-content-alignment:justify;--awb-text-transform:none;\"><p>  We completely renew our website If you haven't visited us for a while, today you have seen that our \"home\" on the Internet has completely changed. In Log\u00edstica [...]<\/p><\/div><div ><a class=\"fusion-button button-flat button-medium button-default fusion-button-default button-2 fusion-button-default-span fusion-button-default-type\" target=\"_self\" href=\"https:\/\/logisticamc.com\/en\/introducing-our-new-website\/\"><span class=\"fusion-button-text awb-button__text awb-button__text--default\">Read more<\/span><\/a><\/div><\/div><\/div><div class=\"fusion-layout-column fusion_builder_column_inner fusion-builder-nested-column-3 fusion_builder_column_inner_1_2 1_2 fusion-flex-column fusion-flex-align-self-stretch\" style=\"--awb-padding-top-small:100px;--awb-padding-bottom-small:100px;--awb-bg-position:center center;--awb-bg-size:cover;--awb-width-large:50%;--awb-margin-top-large:0px;--awb-spacing-right-large:3.84%;--awb-margin-bottom-large:0px;--awb-spacing-left-large:1px;--awb-width-medium:50%;--awb-order-medium:0;--awb-spacing-right-medium:3.84%;--awb-spacing-left-medium:1px;--awb-width-small:100%;--awb-order-small:1;--awb-spacing-right-small:1.92%;--awb-spacing-left-small:1.92%;\" data-scroll-devices=\"small-visibility,medium-visibility,large-visibility\"><div class=\"fusion-column-wrapper lazyload fusion-column-has-shadow fusion-flex-justify-content-flex-start fusion-content-layout-column fusion-empty-column-bg-image fusion-column-has-bg-image\" data-bg-url=\"https:\/\/logisticamc.com\/wp-content\/uploads\/new-web.webp\" data-bg=\"https:\/\/logisticamc.com\/wp-content\/uploads\/new-web.webp\"><img decoding=\"async\" class=\"fusion-empty-dims-img-placeholder\" aria-label=\"new-web\" src=\"data:image\/svg+xml,%3Csvg%20xmlns%3D%27http%3A%2F%2Fwww.w3.org%2F2000%2Fsvg%27%20width%3D%27450%27%20height%3D%27325%27%20viewBox%3D%270%200%20450%20325%27%3E%3Crect%20width%3D%27450%27%20height%3D%27325%27%20fill-opacity%3D%220%22%2F%3E%3C%2Fsvg%3E\"><\/div><\/div><\/div><\/div><\/li>\n<\/ul><\/div><\/div><\/div><\/div><\/div><\/p>\n","protected":false},"excerpt":{"rendered":"","protected":false},"author":1,"featured_media":7974,"parent":0,"menu_order":0,"comment_status":"closed","ping_status":"closed","template":"100-width.php","meta":{"footnotes":""},"class_list":["post-8002","page","type-page","status-publish","has-post-thumbnail","hentry"],"yoast_head":"<!-- This site is optimized with the Yoast SEO plugin v27.4 - https:\/\/yoast.com\/product\/yoast-seo-wordpress\/ -->\n<title>Log\u00edstica MC&#039;s Blog - Information about logistics and warehouse<\/title>\n<meta name=\"description\" content=\"In our blog we cover information related to the logistics and warehousing sectors.\" \/>\n<meta name=\"robots\" content=\"index, follow, max-snippet:-1, max-image-preview:large, max-video-preview:-1\" \/>\n<link rel=\"canonical\" href=\"https:\/\/logisticamc.com\/en\/blog\/\" \/>\n<meta property=\"og:locale\" content=\"en_US\" \/>\n<meta property=\"og:type\" content=\"article\" \/>\n<meta property=\"og:title\" content=\"Log\u00edstica MC&#039;s Blog - Information about logistics and warehouse\" \/>\n<meta property=\"og:description\" content=\"In our blog we cover information related to the logistics and warehousing sectors.\" \/>\n<meta property=\"og:url\" content=\"https:\/\/logisticamc.com\/en\/blog\/\" \/>\n<meta property=\"og:site_name\" content=\"Almacen log\u00edstico con puente gr\u00faa en Barcelona\" \/>\n<meta property=\"article:modified_time\" content=\"2023-05-15T09:45:40+00:00\" \/>\n<meta property=\"og:image\" content=\"https:\/\/logisticamc.com\/wp-content\/uploads\/cta-blog.webp\" \/>\n\t<meta property=\"og:image:width\" content=\"1920\" \/>\n\t<meta property=\"og:image:height\" content=\"767\" \/>\n\t<meta property=\"og:image:type\" content=\"image\/webp\" \/>\n<meta name=\"twitter:card\" content=\"summary_large_image\" \/>\n<meta name=\"twitter:label1\" content=\"Est. reading time\" \/>\n\t<meta name=\"twitter:data1\" content=\"6 minutes\" \/>\n<script type=\"application\/ld+json\" class=\"yoast-schema-graph\">{\"@context\":\"https:\\\/\\\/schema.org\",\"@graph\":[{\"@type\":\"WebPage\",\"@id\":\"https:\\\/\\\/logisticamc.com\\\/en\\\/blog\\\/\",\"url\":\"https:\\\/\\\/logisticamc.com\\\/en\\\/blog\\\/\",\"name\":\"Log\u00edstica MC's Blog - Information about logistics and warehouse\",\"isPartOf\":{\"@id\":\"https:\\\/\\\/logisticamc.com\\\/en\\\/#website\"},\"primaryImageOfPage\":{\"@id\":\"https:\\\/\\\/logisticamc.com\\\/en\\\/blog\\\/#primaryimage\"},\"image\":{\"@id\":\"https:\\\/\\\/logisticamc.com\\\/en\\\/blog\\\/#primaryimage\"},\"thumbnailUrl\":\"https:\\\/\\\/logisticamc.com\\\/wp-content\\\/uploads\\\/cta-blog.webp\",\"datePublished\":\"2023-03-17T09:27:43+00:00\",\"dateModified\":\"2023-05-15T09:45:40+00:00\",\"description\":\"In our blog we cover information related to the logistics and warehousing sectors.\",\"breadcrumb\":{\"@id\":\"https:\\\/\\\/logisticamc.com\\\/en\\\/blog\\\/#breadcrumb\"},\"inLanguage\":\"en-US\",\"potentialAction\":[{\"@type\":\"ReadAction\",\"target\":[\"https:\\\/\\\/logisticamc.com\\\/en\\\/blog\\\/\"]}]},{\"@type\":\"ImageObject\",\"inLanguage\":\"en-US\",\"@id\":\"https:\\\/\\\/logisticamc.com\\\/en\\\/blog\\\/#primaryimage\",\"url\":\"https:\\\/\\\/logisticamc.com\\\/wp-content\\\/uploads\\\/cta-blog.webp\",\"contentUrl\":\"https:\\\/\\\/logisticamc.com\\\/wp-content\\\/uploads\\\/cta-blog.webp\",\"width\":1920,\"height\":767},{\"@type\":\"BreadcrumbList\",\"@id\":\"https:\\\/\\\/logisticamc.com\\\/en\\\/blog\\\/#breadcrumb\",\"itemListElement\":[{\"@type\":\"ListItem\",\"position\":1,\"name\":\"Inicio\",\"item\":\"https:\\\/\\\/logisticamc.com\\\/en\\\/inicio\\\/\"},{\"@type\":\"ListItem\",\"position\":2,\"name\":\"BLOG\"}]},{\"@type\":\"WebSite\",\"@id\":\"https:\\\/\\\/logisticamc.com\\\/en\\\/#website\",\"url\":\"https:\\\/\\\/logisticamc.com\\\/en\\\/\",\"name\":\"Almacen log\u00edstico con puente gr\u00faa en Barcelona\",\"description\":\"Almac\u00e9n log\u00edstico en Catalu\u00f1a. Respuesta r\u00e1pida y eficaz a las necesidades de su empresa en log\u00edstica y transporte. Especialistas en almacenamientos especiales\",\"publisher\":{\"@id\":\"https:\\\/\\\/logisticamc.com\\\/en\\\/#organization\"},\"potentialAction\":[{\"@type\":\"SearchAction\",\"target\":{\"@type\":\"EntryPoint\",\"urlTemplate\":\"https:\\\/\\\/logisticamc.com\\\/en\\\/?s={search_term_string}\"},\"query-input\":{\"@type\":\"PropertyValueSpecification\",\"valueRequired\":true,\"valueName\":\"search_term_string\"}}],\"inLanguage\":\"en-US\"},{\"@type\":\"Organization\",\"@id\":\"https:\\\/\\\/logisticamc.com\\\/en\\\/#organization\",\"name\":\"Almacen log\u00edstico con puente gr\u00faa en Barcelona\",\"url\":\"https:\\\/\\\/logisticamc.com\\\/en\\\/\",\"logo\":{\"@type\":\"ImageObject\",\"inLanguage\":\"en-US\",\"@id\":\"https:\\\/\\\/logisticamc.com\\\/en\\\/#\\\/schema\\\/logo\\\/image\\\/\",\"url\":\"https:\\\/\\\/logisticamc.com\\\/wp-content\\\/uploads\\\/logisticamc-logo.webp\",\"contentUrl\":\"https:\\\/\\\/logisticamc.com\\\/wp-content\\\/uploads\\\/logisticamc-logo.webp\",\"width\":500,\"height\":187,\"caption\":\"Almacen log\u00edstico con puente gr\u00faa en Barcelona\"},\"image\":{\"@id\":\"https:\\\/\\\/logisticamc.com\\\/en\\\/#\\\/schema\\\/logo\\\/image\\\/\"}}]}<\/script>\n<!-- \/ Yoast SEO plugin. -->","yoast_head_json":{"title":"Log\u00edstica MC's Blog - Information about logistics and warehouse","description":"In our blog we cover information related to the logistics and warehousing sectors.","robots":{"index":"index","follow":"follow","max-snippet":"max-snippet:-1","max-image-preview":"max-image-preview:large","max-video-preview":"max-video-preview:-1"},"canonical":"https:\/\/logisticamc.com\/en\/blog\/","og_locale":"en_US","og_type":"article","og_title":"Log\u00edstica MC's Blog - Information about logistics and warehouse","og_description":"In our blog we cover information related to the logistics and warehousing sectors.","og_url":"https:\/\/logisticamc.com\/en\/blog\/","og_site_name":"Almacen log\u00edstico con puente gr\u00faa en Barcelona","article_modified_time":"2023-05-15T09:45:40+00:00","og_image":[{"width":1920,"height":767,"url":"https:\/\/logisticamc.com\/wp-content\/uploads\/cta-blog.webp","type":"image\/webp"}],"twitter_card":"summary_large_image","twitter_misc":{"Est. reading time":"6 minutes"},"schema":{"@context":"https:\/\/schema.org","@graph":[{"@type":"WebPage","@id":"https:\/\/logisticamc.com\/en\/blog\/","url":"https:\/\/logisticamc.com\/en\/blog\/","name":"Log\u00edstica MC's Blog - Information about logistics and warehouse","isPartOf":{"@id":"https:\/\/logisticamc.com\/en\/#website"},"primaryImageOfPage":{"@id":"https:\/\/logisticamc.com\/en\/blog\/#primaryimage"},"image":{"@id":"https:\/\/logisticamc.com\/en\/blog\/#primaryimage"},"thumbnailUrl":"https:\/\/logisticamc.com\/wp-content\/uploads\/cta-blog.webp","datePublished":"2023-03-17T09:27:43+00:00","dateModified":"2023-05-15T09:45:40+00:00","description":"In our blog we cover information related to the logistics and warehousing sectors.","breadcrumb":{"@id":"https:\/\/logisticamc.com\/en\/blog\/#breadcrumb"},"inLanguage":"en-US","potentialAction":[{"@type":"ReadAction","target":["https:\/\/logisticamc.com\/en\/blog\/"]}]},{"@type":"ImageObject","inLanguage":"en-US","@id":"https:\/\/logisticamc.com\/en\/blog\/#primaryimage","url":"https:\/\/logisticamc.com\/wp-content\/uploads\/cta-blog.webp","contentUrl":"https:\/\/logisticamc.com\/wp-content\/uploads\/cta-blog.webp","width":1920,"height":767},{"@type":"BreadcrumbList","@id":"https:\/\/logisticamc.com\/en\/blog\/#breadcrumb","itemListElement":[{"@type":"ListItem","position":1,"name":"Inicio","item":"https:\/\/logisticamc.com\/en\/inicio\/"},{"@type":"ListItem","position":2,"name":"BLOG"}]},{"@type":"WebSite","@id":"https:\/\/logisticamc.com\/en\/#website","url":"https:\/\/logisticamc.com\/en\/","name":"Almacen log\u00edstico con puente gr\u00faa en Barcelona","description":"Almac\u00e9n log\u00edstico en Catalu\u00f1a. Respuesta r\u00e1pida y eficaz a las necesidades de su empresa en log\u00edstica y transporte. Especialistas en almacenamientos especiales","publisher":{"@id":"https:\/\/logisticamc.com\/en\/#organization"},"potentialAction":[{"@type":"SearchAction","target":{"@type":"EntryPoint","urlTemplate":"https:\/\/logisticamc.com\/en\/?s={search_term_string}"},"query-input":{"@type":"PropertyValueSpecification","valueRequired":true,"valueName":"search_term_string"}}],"inLanguage":"en-US"},{"@type":"Organization","@id":"https:\/\/logisticamc.com\/en\/#organization","name":"Almacen log\u00edstico con puente gr\u00faa en Barcelona","url":"https:\/\/logisticamc.com\/en\/","logo":{"@type":"ImageObject","inLanguage":"en-US","@id":"https:\/\/logisticamc.com\/en\/#\/schema\/logo\/image\/","url":"https:\/\/logisticamc.com\/wp-content\/uploads\/logisticamc-logo.webp","contentUrl":"https:\/\/logisticamc.com\/wp-content\/uploads\/logisticamc-logo.webp","width":500,"height":187,"caption":"Almacen log\u00edstico con puente gr\u00faa en Barcelona"},"image":{"@id":"https:\/\/logisticamc.com\/en\/#\/schema\/logo\/image\/"}}]}},"_links":{"self":[{"href":"https:\/\/logisticamc.com\/en\/wp-json\/wp\/v2\/pages\/8002","targetHints":{"allow":["GET"]}}],"collection":[{"href":"https:\/\/logisticamc.com\/en\/wp-json\/wp\/v2\/pages"}],"about":[{"href":"https:\/\/logisticamc.com\/en\/wp-json\/wp\/v2\/types\/page"}],"author":[{"embeddable":true,"href":"https:\/\/logisticamc.com\/en\/wp-json\/wp\/v2\/users\/1"}],"replies":[{"embeddable":true,"href":"https:\/\/logisticamc.com\/en\/wp-json\/wp\/v2\/comments?post=8002"}],"version-history":[{"count":0,"href":"https:\/\/logisticamc.com\/en\/wp-json\/wp\/v2\/pages\/8002\/revisions"}],"wp:featuredmedia":[{"embeddable":true,"href":"https:\/\/logisticamc.com\/en\/wp-json\/wp\/v2\/media\/7974"}],"wp:attachment":[{"href":"https:\/\/logisticamc.com\/en\/wp-json\/wp\/v2\/media?parent=8002"}],"curies":[{"name":"wp","href":"https:\/\/api.w.org\/{rel}","templated":true}]}}